{"id":10799,"date":"2024-10-02T14:04:13","date_gmt":"2024-10-02T14:04:13","guid":{"rendered":"https:\/\/burolaw.com\/?page_id=10799"},"modified":"2024-10-15T13:46:53","modified_gmt":"2024-10-15T13:46:53","slug":"vitalii-romanov","status":"publish","type":"page","link":"https:\/\/burolaw.com\/es\/our-team\/vitalii-romanov\/","title":{"rendered":"Vitalii Romanov"},"content":{"rendered":"<div data-elementor-type=\"wp-page\" data-elementor-id=\"10799\" class=\"elementor elementor-10799\" data-elementor-post-type=\"page\">\n\t\t\t\t        <section class=\"elementor-section elementor-top-section elementor-element elementor-element-3c745b9 elementor-section-boxed elementor-section-height-default elementor-section-height-default pxl-shape-divider-none\" data-id=\"3c745b9\" data-element_type=\"section\" data-e-type=\"section\">\n\n                \n                <div class=\"elementor-container elementor-column-gap-default\">\n                <div class=\"elementor-column elementor-col-50 elementor-top-column elementor-element elementor-element-a3349d6 pxl-column-element-default\" data-id=\"a3349d6\" data-element_type=\"column\" data-e-type=\"column\">\r\n        <div class=\"elementor-widget-wrap elementor-element-populated\">\r\n                    \t\t<div class=\"elementor-element elementor-element-70e9efd flash-hover elementor-widget elementor-widget-image\" data-id=\"70e9efd\" data-element_type=\"widget\" data-e-type=\"widget\" data-widget_type=\"image.default\">\n\t\t\t\t\t\t\t\t\t\t\t\t\t\t\t<img fetchpriority=\"high\" decoding=\"async\" width=\"555\" height=\"600\" src=\"https:\/\/burolaw.com\/wp-content\/uploads\/2024\/09\/Vitalii.jpg\" class=\"attachment-full size-full wp-image-10477\" alt=\"\" srcset=\"https:\/\/burolaw.com\/wp-content\/uploads\/2024\/09\/Vitalii.jpg 555w, https:\/\/burolaw.com\/wp-content\/uploads\/2024\/09\/Vitalii-278x300.jpg 278w, https:\/\/burolaw.com\/wp-content\/uploads\/2024\/09\/Vitalii-518x560.jpg 518w\" sizes=\"(max-width: 555px) 100vw, 555px\" \/>\t\t\t\t\t\t\t\t\t\t\t\t\t\t\t<\/div>\n\t\t\t\t<div class=\"elementor-element elementor-element-848d598 elementor-position-inline-start mobile-inline elementor-view-default elementor-mobile-position-block-start elementor-widget elementor-widget-icon-box\" data-id=\"848d598\" data-element_type=\"widget\" data-e-type=\"widget\" data-widget_type=\"icon-box.default\">\n\t\t\t\t\t\t\t<div class=\"elementor-icon-box-wrapper\">\n\n\t\t\t\t\t\t<div class=\"elementor-icon-box-icon\">\n\t\t\t\t<a href=\"mailto:vromanov@burolaw.com\" class=\"elementor-icon elementor-animation-pulse\" tabindex=\"-1\" aria-label=\"vromanov@burolaw.com\">\n\t\t\t\t<i aria-hidden=\"true\" class=\"medcaline zmdi zmdi-email\"><\/i>\t\t\t\t<\/a>\n\t\t\t<\/div>\n\t\t\t\n\t\t\t\t\t\t<div class=\"elementor-icon-box-content\">\n\n\t\t\t\t\t\t\t\t\t<h3 class=\"elementor-icon-box-title\">\n\t\t\t\t\t\t<a href=\"mailto:vromanov@burolaw.com\" >\n\t\t\t\t\t\t\tvromanov@burolaw.com\t\t\t\t\t\t<\/a>\n\t\t\t\t\t<\/h3>\n\t\t\t\t\n\t\t\t\t\n\t\t\t<\/div>\n\t\t\t\n\t\t<\/div>\n\t\t\t\t\t\t<\/div>\n\t\t                    <\/div>\r\n        <\/div>\r\n                <div class=\"elementor-column elementor-col-50 elementor-top-column elementor-element elementor-element-89bd3ab pxl-column-element-default\" data-id=\"89bd3ab\" data-element_type=\"column\" data-e-type=\"column\" data-settings=\"{&quot;background_background&quot;:&quot;classic&quot;}\">\r\n        <div class=\"elementor-widget-wrap elementor-element-populated\">\r\n                    \t\t<div class=\"elementor-element elementor-element-7b16f10 elementor-widget elementor-widget-pxl_text_editor\" data-id=\"7b16f10\" data-element_type=\"widget\" data-e-type=\"widget\" data-widget_type=\"pxl_text_editor.default\">\n\t\t\t\t<div class=\"elementor-widget-container\">\n\t\t\t\t\t<div id=\"pxl_text_editor-7b16f10-3982\" class=\"pxl-text-editor-wrap d-flex\" >\n\t<div class=\"pxl-text-editor elementor-clearfix\">\n        <p style=\"text-align: justify;\">Las responsabilidades del Sr. Romanov son amplias y abarcan desde la planificaci\u00f3n estrat\u00e9gica, el marketing y las operaciones de recursos humanos, contabilidad y facturaci\u00f3n.<\/p><p style=\"text-align: justify;\">Su m\u00e1xima prioridad es asegurarse de que nuestros clientes est\u00e9n atendidos de manera adecuada en todo momento.<\/p><p style=\"text-align: justify;\">La experiencia de Vitalii en consultor\u00eda empresarial, marketing y startups en Internet ha sido clave para gestionar el crecimiento de Buro Law Group y asegurar que la firma adopte las mejores pr\u00e1cticas empresariales en las industrias de servicios. Vitalii habla ruso e ingl\u00e9s.<\/p>\t<\/div>\n<\/div>\t\t\t\t<\/div>\n\t\t\t\t<\/div>\n\t\t                    <\/div>\r\n        <\/div>\r\n        \t\t\t<\/div>\n\t\t<\/section>\n\t\t        <section class=\"elementor-section elementor-top-section elementor-element elementor-element-78dd6b1 elementor-section-boxed elementor-section-height-default elementor-section-height-default pxl-shape-divider-none\" data-id=\"78dd6b1\" data-element_type=\"section\" data-e-type=\"section\">\n\n                \n                <div class=\"elementor-container elementor-column-gap-default\">\n                <div class=\"elementor-column elementor-col-100 elementor-top-column elementor-element elementor-element-b1750d6 pxl-column-element-default\" data-id=\"b1750d6\" data-element_type=\"column\" data-e-type=\"column\">\r\n        <div class=\"elementor-widget-wrap elementor-element-populated\">\r\n                            <section class=\"elementor-section elementor-inner-section elementor-element elementor-element-fa10905 elementor-section-boxed elementor-section-height-default elementor-section-height-default pxl-shape-divider-none\" data-id=\"fa10905\" data-element_type=\"section\" data-e-type=\"section\" data-settings=\"{&quot;background_background&quot;:&quot;gradient&quot;}\">\n\n                \n                <div class=\"elementor-container elementor-column-gap-no\">\n                <div class=\"elementor-column elementor-col-100 elementor-inner-column elementor-element elementor-element-96101ed pxl-column-element-default\" data-id=\"96101ed\" data-element_type=\"column\" data-e-type=\"column\">\r\n        <div class=\"elementor-widget-wrap elementor-element-populated\">\r\n                    \t\t<div class=\"elementor-element elementor-element-0509d4d elementor-widget elementor-widget-image\" data-id=\"0509d4d\" data-element_type=\"widget\" data-e-type=\"widget\" data-widget_type=\"image.default\">\n\t\t\t\t\t\t\t\t\t\t\t\t\t\t\t\t<a href=\"http:\/\/localhost\/theme_powerlegal\">\n\t\t\t\t\t\t\t<img decoding=\"async\" width=\"402\" height=\"302\" src=\"https:\/\/burolaw.com\/wp-content\/uploads\/2022\/04\/logo2.png\" class=\"attachment-full size-full wp-image-10527\" alt=\"\" \/>\t\t\t\t\t\t\t\t<\/a>\n\t\t\t\t\t\t\t\t\t\t\t\t\t\t\t<\/div>\n\t\t\t\t<div class=\"elementor-element elementor-element-6c2ffdf pxl-heading-layout-1 elementor-widget elementor-widget-pxl_heading\" data-id=\"6c2ffdf\" data-element_type=\"widget\" data-e-type=\"widget\" data-widget_type=\"pxl_heading.default\">\n\t\t\t\t<div class=\"elementor-widget-container\">\n\t\t\t\t\t<div class=\"pxl-heading-wrap d-flex layout1\">\n    <div class=\"pxl-heading-inner center\">\n        \n        <h4 class=\"heading-title\">\n            <span >\n                cont\u00e1ctanos            <\/span>\n                    <\/h4>\n\n            <\/div>\n<\/div>\n\n\t\t\t\t<\/div>\n\t\t\t\t<\/div>\n\t\t\t\t<div class=\"elementor-element elementor-element-e906190 pxl-heading-layout-1 elementor-widget elementor-widget-pxl_heading\" data-id=\"e906190\" data-element_type=\"widget\" data-e-type=\"widget\" data-widget_type=\"pxl_heading.default\">\n\t\t\t\t<div class=\"elementor-widget-container\">\n\t\t\t\t\t<div class=\"pxl-heading-wrap d-flex layout1\">\n    <div class=\"pxl-heading-inner center\">\n        \n        <h3 class=\"heading-title\">\n            <a href=\"#\" target=\"_blank\" rel=\"nofollow\">\n                (305) 440 5754            <\/a>\n                    <\/h3>\n\n            <\/div>\n<\/div>\n\n\t\t\t\t<\/div>\n\t\t\t\t<\/div>\n\t\t                    <\/div>\r\n        <\/div>\r\n        \t\t\t<\/div>\n\t\t<\/section>\n\t\t                    <\/div>\r\n        <\/div>\r\n        \t\t\t<\/div>\n\t\t<\/section>\n\t\t\t\t<\/div>","protected":false},"excerpt":{"rendered":"<p>vromanov@burolaw.com Mr. Romanov\u2019s responsibilities are wide in scope, ranging from strategic planning, marketing, and operations to human resources, accounting, and billing. His top priority is to make sure our clients are being taken care of appropriately at all times. Vitalii\u2019s background in business consulting, marketing, and Internet start-ups has been key to managing the growth [&hellip;]<\/p>\n","protected":false},"author":1,"featured_media":0,"parent":3893,"menu_order":0,"comment_status":"closed","ping_status":"closed","template":"","meta":{"_coblocks_attr":"","_coblocks_dimensions":"","_coblocks_responsive_height":"","_coblocks_accordion_ie_support":"","footnotes":""},"class_list":["post-10799","page","type-page","status-publish","hentry"],"yoast_head":"<!-- This site is optimized with the Yoast SEO plugin v27.5 - https:\/\/yoast.com\/product\/yoast-seo-wordpress\/ -->\n<title>Vitalii Romanov &#8211; Burolaw<\/title>\n<meta name=\"robots\" content=\"index, follow, max-snippet:-1, max-image-preview:large, max-video-preview:-1\" \/>\n<link rel=\"canonical\" href=\"https:\/\/burolaw.com\/es\/our-team\/vitalii-romanov\/\" \/>\n<meta property=\"og:locale\" content=\"es_ES\" \/>\n<meta property=\"og:type\" content=\"article\" \/>\n<meta property=\"og:title\" content=\"Vitalii Romanov &#8211; Burolaw\" \/>\n<meta property=\"og:description\" content=\"vromanov@burolaw.com Mr. Romanov\u2019s responsibilities are wide in scope, ranging from strategic planning, marketing, and operations to human resources, accounting, and billing. His top priority is to make sure our clients are being taken care of appropriately at all times. Vitalii\u2019s background in business consulting, marketing, and Internet start-ups has been key to managing the growth [&hellip;]\" \/>\n<meta property=\"og:url\" content=\"https:\/\/burolaw.com\/es\/our-team\/vitalii-romanov\/\" \/>\n<meta property=\"og:site_name\" content=\"Burolaw\" \/>\n<meta property=\"article:publisher\" content=\"https:\/\/www.facebook.com\/share\/V3ixeeexdmkPXyUa\/?mibextid=LQQJ4d\" \/>\n<meta property=\"article:modified_time\" content=\"2024-10-15T13:46:53+00:00\" \/>\n<meta property=\"og:image\" content=\"https:\/\/burolaw.com\/wp-content\/uploads\/2024\/09\/Vitalii.jpg\" \/>\n<meta name=\"twitter:card\" content=\"summary_large_image\" \/>\n<script type=\"application\/ld+json\" class=\"yoast-schema-graph\">{\"@context\":\"https:\\\/\\\/schema.org\",\"@graph\":[{\"@type\":\"WebPage\",\"@id\":\"https:\\\/\\\/burolaw.com\\\/our-team\\\/vitalii-romanov\\\/\",\"url\":\"https:\\\/\\\/burolaw.com\\\/our-team\\\/vitalii-romanov\\\/\",\"name\":\"Vitalii Romanov &#8211; Burolaw\",\"isPartOf\":{\"@id\":\"https:\\\/\\\/burolaw.com\\\/es\\\/#website\"},\"primaryImageOfPage\":{\"@id\":\"https:\\\/\\\/burolaw.com\\\/our-team\\\/vitalii-romanov\\\/#primaryimage\"},\"image\":{\"@id\":\"https:\\\/\\\/burolaw.com\\\/our-team\\\/vitalii-romanov\\\/#primaryimage\"},\"thumbnailUrl\":\"https:\\\/\\\/burolaw.com\\\/wp-content\\\/uploads\\\/2024\\\/09\\\/Vitalii.jpg\",\"datePublished\":\"2024-10-02T14:04:13+00:00\",\"dateModified\":\"2024-10-15T13:46:53+00:00\",\"breadcrumb\":{\"@id\":\"https:\\\/\\\/burolaw.com\\\/our-team\\\/vitalii-romanov\\\/#breadcrumb\"},\"inLanguage\":\"es\",\"potentialAction\":[{\"@type\":\"ReadAction\",\"target\":[\"https:\\\/\\\/burolaw.com\\\/our-team\\\/vitalii-romanov\\\/\"]}]},{\"@type\":\"ImageObject\",\"inLanguage\":\"es\",\"@id\":\"https:\\\/\\\/burolaw.com\\\/our-team\\\/vitalii-romanov\\\/#primaryimage\",\"url\":\"https:\\\/\\\/burolaw.com\\\/wp-content\\\/uploads\\\/2024\\\/09\\\/Vitalii.jpg\",\"contentUrl\":\"https:\\\/\\\/burolaw.com\\\/wp-content\\\/uploads\\\/2024\\\/09\\\/Vitalii.jpg\"},{\"@type\":\"BreadcrumbList\",\"@id\":\"https:\\\/\\\/burolaw.com\\\/our-team\\\/vitalii-romanov\\\/#breadcrumb\",\"itemListElement\":[{\"@type\":\"ListItem\",\"position\":1,\"name\":\"Portada\",\"item\":\"https:\\\/\\\/burolaw.com\\\/\"},{\"@type\":\"ListItem\",\"position\":2,\"name\":\"OUR TEAM\",\"item\":\"https:\\\/\\\/burolaw.com\\\/our-team\\\/\"},{\"@type\":\"ListItem\",\"position\":3,\"name\":\"Vitalii Romanov\"}]},{\"@type\":\"WebSite\",\"@id\":\"https:\\\/\\\/burolaw.com\\\/es\\\/#website\",\"url\":\"https:\\\/\\\/burolaw.com\\\/es\\\/\",\"name\":\"Burolaw\",\"description\":\"Experience, Integrity, Excellence\",\"publisher\":{\"@id\":\"https:\\\/\\\/burolaw.com\\\/es\\\/#organization\"},\"alternateName\":\"Law Group\",\"potentialAction\":[{\"@type\":\"SearchAction\",\"target\":{\"@type\":\"EntryPoint\",\"urlTemplate\":\"https:\\\/\\\/burolaw.com\\\/es\\\/?s={search_term_string}\"},\"query-input\":{\"@type\":\"PropertyValueSpecification\",\"valueRequired\":true,\"valueName\":\"search_term_string\"}}],\"inLanguage\":\"es\"},{\"@type\":\"Organization\",\"@id\":\"https:\\\/\\\/burolaw.com\\\/es\\\/#organization\",\"name\":\"Burolaw Law Group\",\"alternateName\":\"Burolaw Law Group\",\"url\":\"https:\\\/\\\/burolaw.com\\\/es\\\/\",\"logo\":{\"@type\":\"ImageObject\",\"inLanguage\":\"es\",\"@id\":\"https:\\\/\\\/burolaw.com\\\/es\\\/#\\\/schema\\\/logo\\\/image\\\/\",\"url\":\"https:\\\/\\\/burolaw.com\\\/wp-content\\\/uploads\\\/2024\\\/10\\\/cropped-cropped-cropped-cropped-logo.png\",\"contentUrl\":\"https:\\\/\\\/burolaw.com\\\/wp-content\\\/uploads\\\/2024\\\/10\\\/cropped-cropped-cropped-cropped-logo.png\",\"width\":512,\"height\":512,\"caption\":\"Burolaw Law Group\"},\"image\":{\"@id\":\"https:\\\/\\\/burolaw.com\\\/es\\\/#\\\/schema\\\/logo\\\/image\\\/\"},\"sameAs\":[\"https:\\\/\\\/www.facebook.com\\\/share\\\/V3ixeeexdmkPXyUa\\\/?mibextid=LQQJ4d\"]}]}<\/script>\n<!-- \/ Yoast SEO plugin. -->","yoast_head_json":{"title":"Vitalii Romanov &#8211; Burolaw","robots":{"index":"index","follow":"follow","max-snippet":"max-snippet:-1","max-image-preview":"max-image-preview:large","max-video-preview":"max-video-preview:-1"},"canonical":"https:\/\/burolaw.com\/es\/our-team\/vitalii-romanov\/","og_locale":"es_ES","og_type":"article","og_title":"Vitalii Romanov &#8211; Burolaw","og_description":"vromanov@burolaw.com Mr. Romanov\u2019s responsibilities are wide in scope, ranging from strategic planning, marketing, and operations to human resources, accounting, and billing. His top priority is to make sure our clients are being taken care of appropriately at all times. Vitalii\u2019s background in business consulting, marketing, and Internet start-ups has been key to managing the growth [&hellip;]","og_url":"https:\/\/burolaw.com\/es\/our-team\/vitalii-romanov\/","og_site_name":"Burolaw","article_publisher":"https:\/\/www.facebook.com\/share\/V3ixeeexdmkPXyUa\/?mibextid=LQQJ4d","article_modified_time":"2024-10-15T13:46:53+00:00","og_image":[{"url":"https:\/\/burolaw.com\/wp-content\/uploads\/2024\/09\/Vitalii.jpg","type":"","width":"","height":""}],"twitter_card":"summary_large_image","schema":{"@context":"https:\/\/schema.org","@graph":[{"@type":"WebPage","@id":"https:\/\/burolaw.com\/our-team\/vitalii-romanov\/","url":"https:\/\/burolaw.com\/our-team\/vitalii-romanov\/","name":"Vitalii Romanov &#8211; Burolaw","isPartOf":{"@id":"https:\/\/burolaw.com\/es\/#website"},"primaryImageOfPage":{"@id":"https:\/\/burolaw.com\/our-team\/vitalii-romanov\/#primaryimage"},"image":{"@id":"https:\/\/burolaw.com\/our-team\/vitalii-romanov\/#primaryimage"},"thumbnailUrl":"https:\/\/burolaw.com\/wp-content\/uploads\/2024\/09\/Vitalii.jpg","datePublished":"2024-10-02T14:04:13+00:00","dateModified":"2024-10-15T13:46:53+00:00","breadcrumb":{"@id":"https:\/\/burolaw.com\/our-team\/vitalii-romanov\/#breadcrumb"},"inLanguage":"es","potentialAction":[{"@type":"ReadAction","target":["https:\/\/burolaw.com\/our-team\/vitalii-romanov\/"]}]},{"@type":"ImageObject","inLanguage":"es","@id":"https:\/\/burolaw.com\/our-team\/vitalii-romanov\/#primaryimage","url":"https:\/\/burolaw.com\/wp-content\/uploads\/2024\/09\/Vitalii.jpg","contentUrl":"https:\/\/burolaw.com\/wp-content\/uploads\/2024\/09\/Vitalii.jpg"},{"@type":"BreadcrumbList","@id":"https:\/\/burolaw.com\/our-team\/vitalii-romanov\/#breadcrumb","itemListElement":[{"@type":"ListItem","position":1,"name":"Portada","item":"https:\/\/burolaw.com\/"},{"@type":"ListItem","position":2,"name":"OUR TEAM","item":"https:\/\/burolaw.com\/our-team\/"},{"@type":"ListItem","position":3,"name":"Vitalii Romanov"}]},{"@type":"WebSite","@id":"https:\/\/burolaw.com\/es\/#website","url":"https:\/\/burolaw.com\/es\/","name":"Burolaw","description":"Experience, Integrity, Excellence","publisher":{"@id":"https:\/\/burolaw.com\/es\/#organization"},"alternateName":"Law Group","potentialAction":[{"@type":"SearchAction","target":{"@type":"EntryPoint","urlTemplate":"https:\/\/burolaw.com\/es\/?s={search_term_string}"},"query-input":{"@type":"PropertyValueSpecification","valueRequired":true,"valueName":"search_term_string"}}],"inLanguage":"es"},{"@type":"Organization","@id":"https:\/\/burolaw.com\/es\/#organization","name":"Burolaw Law Group","alternateName":"Burolaw Law Group","url":"https:\/\/burolaw.com\/es\/","logo":{"@type":"ImageObject","inLanguage":"es","@id":"https:\/\/burolaw.com\/es\/#\/schema\/logo\/image\/","url":"https:\/\/burolaw.com\/wp-content\/uploads\/2024\/10\/cropped-cropped-cropped-cropped-logo.png","contentUrl":"https:\/\/burolaw.com\/wp-content\/uploads\/2024\/10\/cropped-cropped-cropped-cropped-logo.png","width":512,"height":512,"caption":"Burolaw Law Group"},"image":{"@id":"https:\/\/burolaw.com\/es\/#\/schema\/logo\/image\/"},"sameAs":["https:\/\/www.facebook.com\/share\/V3ixeeexdmkPXyUa\/?mibextid=LQQJ4d"]}]}},"_links":{"self":[{"href":"https:\/\/burolaw.com\/es\/wp-json\/wp\/v2\/pages\/10799","targetHints":{"allow":["GET"]}}],"collection":[{"href":"https:\/\/burolaw.com\/es\/wp-json\/wp\/v2\/pages"}],"about":[{"href":"https:\/\/burolaw.com\/es\/wp-json\/wp\/v2\/types\/page"}],"author":[{"embeddable":true,"href":"https:\/\/burolaw.com\/es\/wp-json\/wp\/v2\/users\/1"}],"replies":[{"embeddable":true,"href":"https:\/\/burolaw.com\/es\/wp-json\/wp\/v2\/comments?post=10799"}],"version-history":[{"count":24,"href":"https:\/\/burolaw.com\/es\/wp-json\/wp\/v2\/pages\/10799\/revisions"}],"predecessor-version":[{"id":11175,"href":"https:\/\/burolaw.com\/es\/wp-json\/wp\/v2\/pages\/10799\/revisions\/11175"}],"up":[{"embeddable":true,"href":"https:\/\/burolaw.com\/es\/wp-json\/wp\/v2\/pages\/3893"}],"wp:attachment":[{"href":"https:\/\/burolaw.com\/es\/wp-json\/wp\/v2\/media?parent=10799"}],"curies":[{"name":"wp","href":"https:\/\/api.w.org\/{rel}","templated":true}]}}